{"id":12011,"date":"2026-04-15T08:34:46","date_gmt":"2026-04-15T08:34:46","guid":{"rendered":"https:\/\/featjersey.com\/?post_type=product&#038;p=12011"},"modified":"2026-04-15T08:38:39","modified_gmt":"2026-04-15T08:38:39","slug":"paris-saint-germain-away-jersey-2025-2026","status":"publish","type":"product","link":"https:\/\/featjersey.com\/pt\/product\/paris-saint-germain-away-jersey-2025-2026\/","title":{"rendered":"Paris Saint-Germain Away Jersey 2025\/2026"},"content":{"rendered":"<p>Entering the 2025\/26 season as defending Ligue 1 and UEFA Champions League champions, Paris Saint-Germain carries the weight of history on their shoulders. This white away jersey will accompany Ousmane Demb\u00e9l\u00e9, Khvicha Kvaratskhelia, D\u00e9sir\u00e9 Dou\u00e9, and Vitinha as they defend Parisian glory on every front.<\/p>","protected":false},"excerpt":{"rendered":"<p>Entering the 2025\/26 season as defending Ligue 1 and UEFA Champions League champions, Paris Saint-Germain carries the weight of history<\/p>","protected":false},"featured_media":12015,"comment_status":"open","ping_status":"closed","template":"","meta":[],"product_brand":[],"product_cat":[279,269,179],"product_tag":[],"class_list":{"0":"post-12011","1":"product","2":"type-product","3":"status-publish","4":"has-post-thumbnail","6":"product_cat-2025-2026-season","7":"product_cat-ligue-1-2","8":"product_cat-paris","10":"first","11":"instock","12":"sale","13":"taxable","14":"shipping-taxable","15":"purchasable","16":"product-type-simple"},"_links":{"self":[{"href":"https:\/\/featjersey.com\/pt\/wp-json\/wp\/v2\/product\/12011","targetHints":{"allow":["GET"]}}],"collection":[{"href":"https:\/\/featjersey.com\/pt\/wp-json\/wp\/v2\/product"}],"about":[{"href":"https:\/\/featjersey.com\/pt\/wp-json\/wp\/v2\/types\/product"}],"replies":[{"embeddable":true,"href":"https:\/\/featjersey.com\/pt\/wp-json\/wp\/v2\/comments?post=12011"}],"wp:featuredmedia":[{"embeddable":true,"href":"https:\/\/featjersey.com\/pt\/wp-json\/wp\/v2\/media\/12015"}],"wp:attachment":[{"href":"https:\/\/featjersey.com\/pt\/wp-json\/wp\/v2\/media?parent=12011"}],"wp:term":[{"taxonomy":"product_brand","embeddable":true,"href":"https:\/\/featjersey.com\/pt\/wp-json\/wp\/v2\/product_brand?post=12011"},{"taxonomy":"product_cat","embeddable":true,"href":"https:\/\/featjersey.com\/pt\/wp-json\/wp\/v2\/product_cat?post=12011"},{"taxonomy":"product_tag","embeddable":true,"href":"https:\/\/featjersey.com\/pt\/wp-json\/wp\/v2\/product_tag?post=12011"}],"curies":[{"name":"wp","href":"https:\/\/api.w.org\/{rel}","templated":true}]}}