{"id":11804,"date":"2026-04-10T09:01:25","date_gmt":"2026-04-10T09:01:25","guid":{"rendered":"https:\/\/featjersey.com\/?post_type=product&#038;p=11804"},"modified":"2026-04-10T09:13:10","modified_gmt":"2026-04-10T09:13:10","slug":"argentina-kids-jacket-training-suit-2026-2027","status":"publish","type":"product","link":"https:\/\/featjersey.com\/pt\/product\/argentina-kids-jacket-training-suit-2026-2027\/","title":{"rendered":"Argentina Kids Jacket Training Suit 2026\/2027"},"content":{"rendered":"<p class=\"ds-markdown-paragraph\">The 2026 season marks another defining chapter for the Argentina national team. As Messi leads a new wave of stars including Enzo Fern\u00e1ndez and Juli\u00e1n \u00c1lvarez, young fans can now suit up like their heroes with the official\u00a0<strong>Argentina Kids Jacket Training Suit 2026\/2027<\/strong>.<\/p>\n<p class=\"ds-markdown-paragraph\">Designed for the biggest moments of the campaign\u2014from high-stakes World Cup qualifiers to the build-up to the 2027 continental showdown\u2014this training jacket set brings the pride of La Albiceleste to the next generation. Whether your child dreams of scoring like \u201cSpider\u201d \u00c1lvarez or controlling the midfield like Enzo, this is the kit that starts the journey.<\/p>","protected":false},"excerpt":{"rendered":"<p>The 2026 season marks another defining chapter for the Argentina national team. As Messi leads a new wave of stars [&hellip;]<\/p>\n","protected":false},"featured_media":11808,"comment_status":"open","ping_status":"closed","template":"","meta":{"site-sidebar-layout":"default","site-content-layout":"","ast-site-content-layout":"default","site-content-style":"default","site-sidebar-style":"default","ast-global-header-display":"","ast-banner-title-visibility":"","ast-main-header-display":"","ast-hfb-above-header-display":"","ast-hfb-below-header-display":"","ast-hfb-mobile-header-display":"","site-post-title":"","ast-breadcrumbs-content":"","ast-featured-img":"","footer-sml-layout":"","theme-transparent-header-meta":"default","adv-header-id-meta":"","stick-header-meta":"","header-above-stick-meta":"","header-main-stick-meta":"","header-below-stick-meta":"","astra-migrate-meta-layouts":"set","ast-page-background-enabled":"default","ast-page-background-meta":{"desktop":{"background-color":"var(--ast-global-color-5)","background-image":"","background-repeat":"repeat","background-position":"center center","background-size":"auto","background-attachment":"scroll","background-type":"","background-media":"","overlay-type":"","overlay-color":"","overlay-opacity":"","overlay-gradient":""},"tablet":{"background-color":"","background-image":"","background-repeat":"repeat","background-position":"center center","background-size":"auto","background-attachment":"scroll","background-type":"","background-media":"","overlay-type":"","overlay-color":"","overlay-opacity":"","overlay-gradient":""},"mobile":{"background-color":"","background-image":"","background-repeat":"repeat","background-position":"center center","background-size":"auto","background-attachment":"scroll","background-type":"","background-media":"","overlay-type":"","overlay-color":"","overlay-opacity":"","overlay-gradient":""}},"ast-content-background-meta":{"desktop":{"background-color":"var(--ast-global-color-4)","background-image":"","background-repeat":"repeat","background-position":"center center","background-size":"auto","background-attachment":"scroll","background-type":"","background-media":"","overlay-type":"","overlay-color":"","overlay-opacity":"","overlay-gradient":""},"tablet":{"background-color":"var(--ast-global-color-4)","background-image":"","background-repeat":"repeat","background-position":"center center","background-size":"auto","background-attachment":"scroll","background-type":"","background-media":"","overlay-type":"","overlay-color":"","overlay-opacity":"","overlay-gradient":""},"mobile":{"background-color":"var(--ast-global-color-4)","background-image":"","background-repeat":"repeat","background-position":"center center","background-size":"auto","background-attachment":"scroll","background-type":"","background-media":"","overlay-type":"","overlay-color":"","overlay-opacity":"","overlay-gradient":""}}},"product_brand":[],"product_cat":[15,245,264],"product_tag":[],"class_list":{"0":"post-11804","1":"product","2":"type-product","3":"status-publish","4":"has-post-thumbnail","6":"product_cat-uncategorized","7":"product_cat-argentina","8":"product_cat-training-clothes-kids","9":"desktop-align-left","10":"tablet-align-left","11":"mobile-align-left","13":"first","14":"instock","15":"sale","16":"taxable","17":"shipping-taxable","18":"purchasable","19":"product-type-variable"},"_links":{"self":[{"href":"https:\/\/featjersey.com\/pt\/wp-json\/wp\/v2\/product\/11804","targetHints":{"allow":["GET"]}}],"collection":[{"href":"https:\/\/featjersey.com\/pt\/wp-json\/wp\/v2\/product"}],"about":[{"href":"https:\/\/featjersey.com\/pt\/wp-json\/wp\/v2\/types\/product"}],"replies":[{"embeddable":true,"href":"https:\/\/featjersey.com\/pt\/wp-json\/wp\/v2\/comments?post=11804"}],"wp:featuredmedia":[{"embeddable":true,"href":"https:\/\/featjersey.com\/pt\/wp-json\/wp\/v2\/media\/11808"}],"wp:attachment":[{"href":"https:\/\/featjersey.com\/pt\/wp-json\/wp\/v2\/media?parent=11804"}],"wp:term":[{"taxonomy":"product_brand","embeddable":true,"href":"https:\/\/featjersey.com\/pt\/wp-json\/wp\/v2\/product_brand?post=11804"},{"taxonomy":"product_cat","embeddable":true,"href":"https:\/\/featjersey.com\/pt\/wp-json\/wp\/v2\/product_cat?post=11804"},{"taxonomy":"product_tag","embeddable":true,"href":"https:\/\/featjersey.com\/pt\/wp-json\/wp\/v2\/product_tag?post=11804"}],"curies":[{"name":"wp","href":"https:\/\/api.w.org\/{rel}","templated":true}]}}