{"id":9483,"date":"2025-04-16T09:21:30","date_gmt":"2025-04-16T09:21:30","guid":{"rendered":"https:\/\/featjersey.com\/?post_type=product&#038;p=9483"},"modified":"2025-04-25T13:07:14","modified_gmt":"2025-04-25T13:07:14","slug":"retro-lazio-away-jersey-1998-1999-2","status":"publish","type":"product","link":"https:\/\/featjersey.com\/nl\/product\/retro-lazio-away-jersey-1998-1999-2\/","title":{"rendered":"Retro Lazio Away jersey 1998\/1999"},"content":{"rendered":"<p>1998\/1999 Lazio Away Retro Jersey &#8211; the navy blue wings of European glory! Vieri-Salas&#8217; &#8220;Twin Strikers&#8221; terrorized Serie A, Nedv\u011bd-Stankovi\u0107 controlled midfield, while Mihajlovi\u0107 treated free-kicks as penalties &#8211; Eriksson&#8217;s flamboyant Eagles soared to Cup Winners&#8217; Cup triumph, announcing Rome&#8217;s blue renaissance.<\/p>","protected":false},"excerpt":{"rendered":"<p>1998\/1999 Lazio Away Retro Jersey &#8211; the navy blue wings of European glory! Vieri-Salas&#8217; &#8220;Twin Strikers&#8221; terrorized Serie A, Nedv\u011bd-Stankovi\u0107 [&hellip;]<\/p>\n","protected":false},"featured_media":7582,"comment_status":"open","ping_status":"closed","template":"","meta":{"site-sidebar-layout":"default","site-content-layout":"","ast-site-content-layout":"","site-content-style":"default","site-sidebar-style":"default","ast-global-header-display":"","ast-banner-title-visibility":"","ast-main-header-display":"","ast-hfb-above-header-display":"","ast-hfb-below-header-display":"","ast-hfb-mobile-header-display":"","site-post-title":"","ast-breadcrumbs-content":"","ast-featured-img":"","footer-sml-layout":"","theme-transparent-header-meta":"","adv-header-id-meta":"","stick-header-meta":"","header-above-stick-meta":"","header-main-stick-meta":"","header-below-stick-meta":"","astra-migrate-meta-layouts":"default","ast-page-background-enabled":"default","ast-page-background-meta":{"desktop":{"background-color":"var(--ast-global-color-5)","background-image":"","background-repeat":"repeat","background-position":"center center","background-size":"auto","background-attachment":"scroll","background-type":"","background-media":"","overlay-type":"","overlay-color":"","overlay-opacity":"","overlay-gradient":""},"tablet":{"background-color":"","background-image":"","background-repeat":"repeat","background-position":"center center","background-size":"auto","background-attachment":"scroll","background-type":"","background-media":"","overlay-type":"","overlay-color":"","overlay-opacity":"","overlay-gradient":""},"mobile":{"background-color":"","background-image":"","background-repeat":"repeat","background-position":"center center","background-size":"auto","background-attachment":"scroll","background-type":"","background-media":"","overlay-type":"","overlay-color":"","overlay-opacity":"","overlay-gradient":""}},"ast-content-background-meta":{"desktop":{"background-color":"var(--ast-global-color-4)","background-image":"","background-repeat":"repeat","background-position":"center center","background-size":"auto","background-attachment":"scroll","background-type":"","background-media":"","overlay-type":"","overlay-color":"","overlay-opacity":"","overlay-gradient":""},"tablet":{"background-color":"var(--ast-global-color-4)","background-image":"","background-repeat":"repeat","background-position":"center center","background-size":"auto","background-attachment":"scroll","background-type":"","background-media":"","overlay-type":"","overlay-color":"","overlay-opacity":"","overlay-gradient":""},"mobile":{"background-color":"var(--ast-global-color-4)","background-image":"","background-repeat":"repeat","background-position":"center center","background-size":"auto","background-attachment":"scroll","background-type":"","background-media":"","overlay-type":"","overlay-color":"","overlay-opacity":"","overlay-gradient":""}}},"product_brand":[],"product_cat":[257,76],"product_tag":[],"class_list":{"0":"post-9483","1":"product","2":"type-product","3":"status-publish","4":"has-post-thumbnail","6":"product_cat-lazio-2","7":"product_cat-retro-shirt","8":"desktop-align-left","9":"tablet-align-left","10":"mobile-align-left","12":"first","13":"instock","14":"sale","15":"taxable","16":"shipping-taxable","17":"purchasable","18":"product-type-simple"},"_links":{"self":[{"href":"https:\/\/featjersey.com\/nl\/wp-json\/wp\/v2\/product\/9483","targetHints":{"allow":["GET"]}}],"collection":[{"href":"https:\/\/featjersey.com\/nl\/wp-json\/wp\/v2\/product"}],"about":[{"href":"https:\/\/featjersey.com\/nl\/wp-json\/wp\/v2\/types\/product"}],"replies":[{"embeddable":true,"href":"https:\/\/featjersey.com\/nl\/wp-json\/wp\/v2\/comments?post=9483"}],"wp:featuredmedia":[{"embeddable":true,"href":"https:\/\/featjersey.com\/nl\/wp-json\/wp\/v2\/media\/7582"}],"wp:attachment":[{"href":"https:\/\/featjersey.com\/nl\/wp-json\/wp\/v2\/media?parent=9483"}],"wp:term":[{"taxonomy":"product_brand","embeddable":true,"href":"https:\/\/featjersey.com\/nl\/wp-json\/wp\/v2\/product_brand?post=9483"},{"taxonomy":"product_cat","embeddable":true,"href":"https:\/\/featjersey.com\/nl\/wp-json\/wp\/v2\/product_cat?post=9483"},{"taxonomy":"product_tag","embeddable":true,"href":"https:\/\/featjersey.com\/nl\/wp-json\/wp\/v2\/product_tag?post=9483"}],"curies":[{"name":"wp","href":"https:\/\/api.w.org\/{rel}","templated":true}]}}