{"id":9684,"date":"2025-04-16T09:26:09","date_gmt":"2025-04-16T09:26:09","guid":{"rendered":"https:\/\/featjersey.com\/?post_type=product&#038;p=9684"},"modified":"2025-04-25T12:05:49","modified_gmt":"2025-04-25T12:05:49","slug":"retro-real-madrid-home-jersey-2013-2014-2","status":"publish","type":"product","link":"https:\/\/featjersey.com\/fr\/product\/retro-real-madrid-home-jersey-2013-2014-2\/","title":{"rendered":"Retro Real Madrid Home jersey-2013\/2014"},"content":{"rendered":"<p>2013\/2014 Real Madrid Home Retro Jersey &#8211; the sacred white of &#8220;La D\u00e9cima&#8221; glory! Cristiano and Bale&#8217;s &#8220;BBC&#8221; trident devastated defenses, Di Mar\u00eda and Modri\u0107&#8217;s midfield mastery, Ramos&#8217; 92:48 miracle header &#8211; this kit immortalizes Ancelotti&#8217;s Champions League triumph in Lisbon, the crowning moment of Madridismo.<\/p>","protected":false},"excerpt":{"rendered":"<p>2013\/2014 Real Madrid Home Retro Jersey &#8211; the sacred white of &#8220;La D\u00e9cima&#8221; glory! Cristiano and Bale&#8217;s &#8220;BBC&#8221; trident devastated<\/p>","protected":false},"featured_media":7251,"comment_status":"open","ping_status":"closed","template":"","meta":[],"product_brand":[],"product_cat":[250,76],"product_tag":[],"class_list":{"0":"post-9684","1":"product","2":"type-product","3":"status-publish","4":"has-post-thumbnail","6":"product_cat-real-madrid-2","7":"product_cat-retro-shirt","9":"first","10":"instock","11":"sale","12":"taxable","13":"shipping-taxable","14":"purchasable","15":"product-type-simple"},"_links":{"self":[{"href":"https:\/\/featjersey.com\/fr\/wp-json\/wp\/v2\/product\/9684","targetHints":{"allow":["GET"]}}],"collection":[{"href":"https:\/\/featjersey.com\/fr\/wp-json\/wp\/v2\/product"}],"about":[{"href":"https:\/\/featjersey.com\/fr\/wp-json\/wp\/v2\/types\/product"}],"replies":[{"embeddable":true,"href":"https:\/\/featjersey.com\/fr\/wp-json\/wp\/v2\/comments?post=9684"}],"wp:featuredmedia":[{"embeddable":true,"href":"https:\/\/featjersey.com\/fr\/wp-json\/wp\/v2\/media\/7251"}],"wp:attachment":[{"href":"https:\/\/featjersey.com\/fr\/wp-json\/wp\/v2\/media?parent=9684"}],"wp:term":[{"taxonomy":"product_brand","embeddable":true,"href":"https:\/\/featjersey.com\/fr\/wp-json\/wp\/v2\/product_brand?post=9684"},{"taxonomy":"product_cat","embeddable":true,"href":"https:\/\/featjersey.com\/fr\/wp-json\/wp\/v2\/product_cat?post=9684"},{"taxonomy":"product_tag","embeddable":true,"href":"https:\/\/featjersey.com\/fr\/wp-json\/wp\/v2\/product_tag?post=9684"}],"curies":[{"name":"wp","href":"https:\/\/api.w.org\/{rel}","templated":true}]}}