{"id":9352,"date":"2025-04-16T09:18:12","date_gmt":"2025-04-16T09:18:12","guid":{"rendered":"https:\/\/featjersey.com\/?post_type=product&#038;p=9352"},"modified":"2025-04-27T01:41:59","modified_gmt":"2025-04-27T01:41:59","slug":"retro-real-madrid-third-jersey-1996-1997-2","status":"publish","type":"product","link":"https:\/\/featjersey.com\/fr\/product\/retro-real-madrid-third-jersey-1996-1997-2\/","title":{"rendered":"Retro Real Madrid Third jersey 1996\/1997"},"content":{"rendered":"<p>This <strong>vintage Real Madrid 1996\/1997 3rd away kit<\/strong> shook the football world with its bold design! It is performed by Ra\u00fal Gonz\u00e1lez, Croatian artillery Davor \u0160uker and legendary captain Manuel Sanch\u00eds. In the 96\/97 season, this iconoclastic shirt saw the Galactic&#8217;s attacking storm and finally helped the team regain the La Liga title after 32 years. The unique purple colorway became one of the most recognizable classic jerseys of the 90s.<\/p>","protected":false},"excerpt":{"rendered":"<p>This vintage Real Madrid 1996\/1997 3rd away kit shook the football world with its bold design! It is performed by<\/p>","protected":false},"featured_media":10545,"comment_status":"open","ping_status":"closed","template":"","meta":[],"product_brand":[],"product_cat":[250,76],"product_tag":[],"class_list":{"0":"post-9352","1":"product","2":"type-product","3":"status-publish","4":"has-post-thumbnail","6":"product_cat-real-madrid-2","7":"product_cat-retro-shirt","9":"first","10":"instock","11":"sale","12":"taxable","13":"shipping-taxable","14":"purchasable","15":"product-type-simple"},"_links":{"self":[{"href":"https:\/\/featjersey.com\/fr\/wp-json\/wp\/v2\/product\/9352","targetHints":{"allow":["GET"]}}],"collection":[{"href":"https:\/\/featjersey.com\/fr\/wp-json\/wp\/v2\/product"}],"about":[{"href":"https:\/\/featjersey.com\/fr\/wp-json\/wp\/v2\/types\/product"}],"replies":[{"embeddable":true,"href":"https:\/\/featjersey.com\/fr\/wp-json\/wp\/v2\/comments?post=9352"}],"wp:featuredmedia":[{"embeddable":true,"href":"https:\/\/featjersey.com\/fr\/wp-json\/wp\/v2\/media\/10545"}],"wp:attachment":[{"href":"https:\/\/featjersey.com\/fr\/wp-json\/wp\/v2\/media?parent=9352"}],"wp:term":[{"taxonomy":"product_brand","embeddable":true,"href":"https:\/\/featjersey.com\/fr\/wp-json\/wp\/v2\/product_brand?post=9352"},{"taxonomy":"product_cat","embeddable":true,"href":"https:\/\/featjersey.com\/fr\/wp-json\/wp\/v2\/product_cat?post=9352"},{"taxonomy":"product_tag","embeddable":true,"href":"https:\/\/featjersey.com\/fr\/wp-json\/wp\/v2\/product_tag?post=9352"}],"curies":[{"name":"wp","href":"https:\/\/api.w.org\/{rel}","templated":true}]}}