{"id":11107,"date":"2025-05-25T09:30:53","date_gmt":"2025-05-25T09:30:53","guid":{"rendered":"https:\/\/featjersey.com\/?post_type=product&#038;p=11107"},"modified":"2025-06-03T12:58:46","modified_gmt":"2025-06-03T12:58:46","slug":"paris-saint-germain-home-jersey-2025-2026","status":"publish","type":"product","link":"https:\/\/featjersey.com\/fr\/product\/paris-saint-germain-home-jersey-2025-2026\/","title":{"rendered":"Paris Saint-Germain Home jersey 2025\/2026"},"content":{"rendered":"<p class=\"ds-markdown-paragraph\">The Parc des Princes&#8217; new crown jewel arrives! PSG&#8217;s 2025\/2026 Home Jersey blends Parisian elegance with football passion, to be worn by Kylian Mbapp\u00e9, Ousmane Demb\u00e9l\u00e9 and Vitinha in their Ligue 1 and Champions League campaign.<\/p>\n<p class=\"ds-markdown-paragraph\">Featuring iconic navy blue with innovative gradient red stripes, this jersey honors tradition while embracing modernity. From crucial title defenses to European glory nights, it&#8217;s more than a kit &#8211; it&#8217;s the heartbeat of Paris.<\/p>","protected":false},"excerpt":{"rendered":"<p>The Parc des Princes&#8217; new crown jewel arrives! PSG&#8217;s 2025\/2026 Home Jersey blends Parisian elegance with football passion, to be [&hellip;]<\/p>\n","protected":false},"featured_media":11108,"comment_status":"open","ping_status":"closed","template":"","meta":{"site-sidebar-layout":"default","site-content-layout":"","ast-site-content-layout":"","site-content-style":"default","site-sidebar-style":"default","ast-global-header-display":"","ast-banner-title-visibility":"","ast-main-header-display":"","ast-hfb-above-header-display":"","ast-hfb-below-header-display":"","ast-hfb-mobile-header-display":"","site-post-title":"","ast-breadcrumbs-content":"","ast-featured-img":"","footer-sml-layout":"","theme-transparent-header-meta":"","adv-header-id-meta":"","stick-header-meta":"","header-above-stick-meta":"","header-main-stick-meta":"","header-below-stick-meta":"","astra-migrate-meta-layouts":"default","ast-page-background-enabled":"default","ast-page-background-meta":{"desktop":{"background-color":"var(--ast-global-color-5)","background-image":"","background-repeat":"repeat","background-position":"center center","background-size":"auto","background-attachment":"scroll","background-type":"","background-media":"","overlay-type":"","overlay-color":"","overlay-opacity":"","overlay-gradient":""},"tablet":{"background-color":"","background-image":"","background-repeat":"repeat","background-position":"center center","background-size":"auto","background-attachment":"scroll","background-type":"","background-media":"","overlay-type":"","overlay-color":"","overlay-opacity":"","overlay-gradient":""},"mobile":{"background-color":"","background-image":"","background-repeat":"repeat","background-position":"center center","background-size":"auto","background-attachment":"scroll","background-type":"","background-media":"","overlay-type":"","overlay-color":"","overlay-opacity":"","overlay-gradient":""}},"ast-content-background-meta":{"desktop":{"background-color":"var(--ast-global-color-4)","background-image":"","background-repeat":"repeat","background-position":"center center","background-size":"auto","background-attachment":"scroll","background-type":"","background-media":"","overlay-type":"","overlay-color":"","overlay-opacity":"","overlay-gradient":""},"tablet":{"background-color":"var(--ast-global-color-4)","background-image":"","background-repeat":"repeat","background-position":"center center","background-size":"auto","background-attachment":"scroll","background-type":"","background-media":"","overlay-type":"","overlay-color":"","overlay-opacity":"","overlay-gradient":""},"mobile":{"background-color":"var(--ast-global-color-4)","background-image":"","background-repeat":"repeat","background-position":"center center","background-size":"auto","background-attachment":"scroll","background-type":"","background-media":"","overlay-type":"","overlay-color":"","overlay-opacity":"","overlay-gradient":""}}},"product_brand":[],"product_cat":[279,269,179],"product_tag":[],"class_list":{"0":"post-11107","1":"product","2":"type-product","3":"status-publish","4":"has-post-thumbnail","6":"product_cat-2025-2026-season","7":"product_cat-ligue-1-2","8":"product_cat-paris","9":"desktop-align-left","10":"tablet-align-left","11":"mobile-align-left","13":"first","14":"instock","15":"sale","16":"taxable","17":"shipping-taxable","18":"purchasable","19":"product-type-simple"},"_links":{"self":[{"href":"https:\/\/featjersey.com\/fr\/wp-json\/wp\/v2\/product\/11107","targetHints":{"allow":["GET"]}}],"collection":[{"href":"https:\/\/featjersey.com\/fr\/wp-json\/wp\/v2\/product"}],"about":[{"href":"https:\/\/featjersey.com\/fr\/wp-json\/wp\/v2\/types\/product"}],"replies":[{"embeddable":true,"href":"https:\/\/featjersey.com\/fr\/wp-json\/wp\/v2\/comments?post=11107"}],"wp:featuredmedia":[{"embeddable":true,"href":"https:\/\/featjersey.com\/fr\/wp-json\/wp\/v2\/media\/11108"}],"wp:attachment":[{"href":"https:\/\/featjersey.com\/fr\/wp-json\/wp\/v2\/media?parent=11107"}],"wp:term":[{"taxonomy":"product_brand","embeddable":true,"href":"https:\/\/featjersey.com\/fr\/wp-json\/wp\/v2\/product_brand?post=11107"},{"taxonomy":"product_cat","embeddable":true,"href":"https:\/\/featjersey.com\/fr\/wp-json\/wp\/v2\/product_cat?post=11107"},{"taxonomy":"product_tag","embeddable":true,"href":"https:\/\/featjersey.com\/fr\/wp-json\/wp\/v2\/product_tag?post=11107"}],"curies":[{"name":"wp","href":"https:\/\/api.w.org\/{rel}","templated":true}]}}