{"id":10652,"date":"2025-04-28T06:28:05","date_gmt":"2025-04-28T06:28:05","guid":{"rendered":"https:\/\/featjersey.com\/?post_type=product&#038;p=10652"},"modified":"2025-04-28T09:00:05","modified_gmt":"2025-04-28T09:00:05","slug":"paris-saint-germain-away-kids-set-jersey-2024-2025","status":"publish","type":"product","link":"https:\/\/featjersey.com\/fr\/product\/paris-saint-germain-away-kids-set-jersey-2024-2025\/","title":{"rendered":"Paris Saint-Germain Away Kids Set jersey 2024\/2025"},"content":{"rendered":"<p>Let your little star shine like a rising star in Paris! This away kids&#8217; kit is a replica of D\u00e9sir\u00e9 Dou\u00e9&#8217;s away Champions League kit, which he wore when the 17-year-old scored his maiden goal at Camp Nou.<\/p>","protected":false},"excerpt":{"rendered":"<p>Let your little star shine like a rising star in Paris! This away kids&#8217; kit is a replica of D\u00e9sir\u00e9<\/p>","protected":false},"featured_media":9671,"comment_status":"open","ping_status":"closed","template":"","meta":[],"product_brand":[],"product_cat":[269,179],"product_tag":[],"class_list":{"0":"post-10652","1":"product","2":"type-product","3":"status-publish","4":"has-post-thumbnail","6":"product_cat-ligue-1-2","7":"product_cat-paris","9":"first","10":"instock","11":"sale","12":"taxable","13":"shipping-taxable","14":"purchasable","15":"product-type-simple"},"_links":{"self":[{"href":"https:\/\/featjersey.com\/fr\/wp-json\/wp\/v2\/product\/10652","targetHints":{"allow":["GET"]}}],"collection":[{"href":"https:\/\/featjersey.com\/fr\/wp-json\/wp\/v2\/product"}],"about":[{"href":"https:\/\/featjersey.com\/fr\/wp-json\/wp\/v2\/types\/product"}],"replies":[{"embeddable":true,"href":"https:\/\/featjersey.com\/fr\/wp-json\/wp\/v2\/comments?post=10652"}],"wp:featuredmedia":[{"embeddable":true,"href":"https:\/\/featjersey.com\/fr\/wp-json\/wp\/v2\/media\/9671"}],"wp:attachment":[{"href":"https:\/\/featjersey.com\/fr\/wp-json\/wp\/v2\/media?parent=10652"}],"wp:term":[{"taxonomy":"product_brand","embeddable":true,"href":"https:\/\/featjersey.com\/fr\/wp-json\/wp\/v2\/product_brand?post=10652"},{"taxonomy":"product_cat","embeddable":true,"href":"https:\/\/featjersey.com\/fr\/wp-json\/wp\/v2\/product_cat?post=10652"},{"taxonomy":"product_tag","embeddable":true,"href":"https:\/\/featjersey.com\/fr\/wp-json\/wp\/v2\/product_tag?post=10652"}],"curies":[{"name":"wp","href":"https:\/\/api.w.org\/{rel}","templated":true}]}}