{"id":9324,"date":"2025-04-16T09:17:32","date_gmt":"2025-04-16T09:17:32","guid":{"rendered":"https:\/\/featjersey.com\/?post_type=product&#038;p=9324"},"modified":"2025-04-28T08:55:54","modified_gmt":"2025-04-28T08:55:54","slug":"paris-saint-germain-third-jersey-2024-2025","status":"publish","type":"product","link":"https:\/\/featjersey.com\/es\/product\/paris-saint-germain-third-jersey-2024-2025\/","title":{"rendered":"Paris Saint-Germain Third jersey 2024\/2025"},"content":{"rendered":"<p>It&#8217;s not just a shirt, it&#8217;s a declaration for a new generation in Paris! When 17-year-old genius D\u00e9sir\u00e9 Dou\u00e9 scored a stunning goal in the Champions League group stage, and when Bradley Barcola used it to whip up youth on the wings, the third away shirt became a symbol of Paris&#8217; future.<\/p>","protected":false},"excerpt":{"rendered":"<p>It&#8217;s not just a shirt, it&#8217;s a declaration for a new generation in Paris! When 17-year-old genius D\u00e9sir\u00e9 Dou\u00e9 scored<\/p>","protected":false},"featured_media":10692,"comment_status":"open","ping_status":"closed","template":"","meta":[],"product_brand":[],"product_cat":[269,179],"product_tag":[],"class_list":{"0":"post-9324","1":"product","2":"type-product","3":"status-publish","4":"has-post-thumbnail","6":"product_cat-ligue-1-2","7":"product_cat-paris","9":"first","10":"instock","11":"sale","12":"taxable","13":"shipping-taxable","14":"purchasable","15":"product-type-simple"},"_links":{"self":[{"href":"https:\/\/featjersey.com\/es\/wp-json\/wp\/v2\/product\/9324","targetHints":{"allow":["GET"]}}],"collection":[{"href":"https:\/\/featjersey.com\/es\/wp-json\/wp\/v2\/product"}],"about":[{"href":"https:\/\/featjersey.com\/es\/wp-json\/wp\/v2\/types\/product"}],"replies":[{"embeddable":true,"href":"https:\/\/featjersey.com\/es\/wp-json\/wp\/v2\/comments?post=9324"}],"wp:featuredmedia":[{"embeddable":true,"href":"https:\/\/featjersey.com\/es\/wp-json\/wp\/v2\/media\/10692"}],"wp:attachment":[{"href":"https:\/\/featjersey.com\/es\/wp-json\/wp\/v2\/media?parent=9324"}],"wp:term":[{"taxonomy":"product_brand","embeddable":true,"href":"https:\/\/featjersey.com\/es\/wp-json\/wp\/v2\/product_brand?post=9324"},{"taxonomy":"product_cat","embeddable":true,"href":"https:\/\/featjersey.com\/es\/wp-json\/wp\/v2\/product_cat?post=9324"},{"taxonomy":"product_tag","embeddable":true,"href":"https:\/\/featjersey.com\/es\/wp-json\/wp\/v2\/product_tag?post=9324"}],"curies":[{"name":"wp","href":"https:\/\/api.w.org\/{rel}","templated":true}]}}