{"id":12021,"date":"2026-04-15T08:41:51","date_gmt":"2026-04-15T08:41:51","guid":{"rendered":"https:\/\/featjersey.com\/?post_type=product&#038;p=12021"},"modified":"2026-04-15T08:43:29","modified_gmt":"2026-04-15T08:43:29","slug":"paris-saint-germain-fourth-kids-jersey-2025-2026-jordan","status":"publish","type":"product","link":"https:\/\/featjersey.com\/en\/product\/paris-saint-germain-fourth-kids-jersey-2025-2026-jordan\/","title":{"rendered":"Paris Saint-Germain Fourth Kids Jersey 2025\/2026 Jordan"},"content":{"rendered":"<p class=\"ds-markdown-paragraph\">This fourth jersey features a black base with a bold central red stripe \u2013 a contemporary nod to the club&#8217;s classic 1985 design. When Dou\u00e9 weaves his magic in the box, when Demb\u00e9l\u00e9 tears down the right flank, when Kvaratskhelia delivers a decisive breakthrough, when Vitinha orchestrates from midfield \u2013 this black jersey connects the next generation with Paris&#8217;s heroes.<\/p>\n<p class=\"ds-markdown-paragraph\">Match with the adult version for the ultimate family pride. Let your little one experience the passion of the Parc des Princes and the romantic soul of Paris while running and playing.<\/p>\n","protected":false},"excerpt":{"rendered":"<p>This fourth jersey features a black base with a bold central red stripe \u2013 a contemporary nod to the club&#8217;s<\/p>\n","protected":false},"featured_media":12013,"comment_status":"open","ping_status":"closed","template":"","meta":[],"product_brand":[],"product_cat":[279,269,179],"product_tag":[],"class_list":{"0":"post-12021","1":"product","2":"type-product","3":"status-publish","4":"has-post-thumbnail","6":"product_cat-2025-2026-season","7":"product_cat-ligue-1-2","8":"product_cat-paris","10":"first","11":"instock","12":"sale","13":"taxable","14":"shipping-taxable","15":"purchasable","16":"product-type-simple"},"_links":{"self":[{"href":"https:\/\/featjersey.com\/en\/wp-json\/wp\/v2\/product\/12021","targetHints":{"allow":["GET"]}}],"collection":[{"href":"https:\/\/featjersey.com\/en\/wp-json\/wp\/v2\/product"}],"about":[{"href":"https:\/\/featjersey.com\/en\/wp-json\/wp\/v2\/types\/product"}],"replies":[{"embeddable":true,"href":"https:\/\/featjersey.com\/en\/wp-json\/wp\/v2\/comments?post=12021"}],"wp:featuredmedia":[{"embeddable":true,"href":"https:\/\/featjersey.com\/en\/wp-json\/wp\/v2\/media\/12013"}],"wp:attachment":[{"href":"https:\/\/featjersey.com\/en\/wp-json\/wp\/v2\/media?parent=12021"}],"wp:term":[{"taxonomy":"product_brand","embeddable":true,"href":"https:\/\/featjersey.com\/en\/wp-json\/wp\/v2\/product_brand?post=12021"},{"taxonomy":"product_cat","embeddable":true,"href":"https:\/\/featjersey.com\/en\/wp-json\/wp\/v2\/product_cat?post=12021"},{"taxonomy":"product_tag","embeddable":true,"href":"https:\/\/featjersey.com\/en\/wp-json\/wp\/v2\/product_tag?post=12021"}],"curies":[{"name":"wp","href":"https:\/\/api.w.org\/{rel}","templated":true}]}}