{"id":11432,"date":"2025-06-10T03:52:52","date_gmt":"2025-06-10T03:52:52","guid":{"rendered":"https:\/\/featjersey.com\/?post_type=product&#038;p=11432"},"modified":"2025-06-10T03:56:19","modified_gmt":"2025-06-10T03:56:19","slug":"real-madrid-home-kids-set-jersey-2025-2026","status":"publish","type":"product","link":"https:\/\/featjersey.com\/en\/product\/real-madrid-home-kids-set-jersey-2025-2026\/","title":{"rendered":"Real Madrid Home Kids Set jersey 2025\/2026"},"content":{"rendered":"<p class=\"ds-markdown-paragraph\">Dress your little champion in the same colors as their Bernab\u00e9u heroes! The new\u00a0<strong>Real Madrid Home Kids Jersey Set 2025\/2026<\/strong>\u00a0features the iconic all-white design with the club&#8217;s signature purple accents, perfectly replicating the first-team kit.<\/p>\n<p class=\"ds-markdown-paragraph\">????\u00a0<strong>Play Like the Superstars<\/strong>: From Jude Bellingham&#8217;s midfield magic to Vin\u00edcius J\u00fanior&#8217;s dazzling runs and Kylian Mbapp\u00e9&#8217;s clinical finishes &#8211; now your kid can shine just like their idols!<\/p>\n<p class=\"ds-markdown-paragraph\">????\u00a0<strong>Season Highlight<\/strong>: As Real Madrid embark on their quest for a record 16th Champions League title, this jersey will be part of football history!<\/p>\n","protected":false},"excerpt":{"rendered":"<p>Dress your little champion in the same colors as their Bernab\u00e9u heroes! The new\u00a0Real Madrid Home Kids Jersey Set 2025\/2026\u00a0features<\/p>\n","protected":false},"featured_media":11434,"comment_status":"open","ping_status":"closed","template":"","meta":[],"product_brand":[],"product_cat":[279,79,250],"product_tag":[],"class_list":{"0":"post-11432","1":"product","2":"type-product","3":"status-publish","4":"has-post-thumbnail","6":"product_cat-2025-2026-season","7":"product_cat-la-liga","8":"product_cat-real-madrid-2","10":"first","11":"instock","12":"sale","13":"taxable","14":"shipping-taxable","15":"purchasable","16":"product-type-simple"},"_links":{"self":[{"href":"https:\/\/featjersey.com\/en\/wp-json\/wp\/v2\/product\/11432","targetHints":{"allow":["GET"]}}],"collection":[{"href":"https:\/\/featjersey.com\/en\/wp-json\/wp\/v2\/product"}],"about":[{"href":"https:\/\/featjersey.com\/en\/wp-json\/wp\/v2\/types\/product"}],"replies":[{"embeddable":true,"href":"https:\/\/featjersey.com\/en\/wp-json\/wp\/v2\/comments?post=11432"}],"wp:featuredmedia":[{"embeddable":true,"href":"https:\/\/featjersey.com\/en\/wp-json\/wp\/v2\/media\/11434"}],"wp:attachment":[{"href":"https:\/\/featjersey.com\/en\/wp-json\/wp\/v2\/media?parent=11432"}],"wp:term":[{"taxonomy":"product_brand","embeddable":true,"href":"https:\/\/featjersey.com\/en\/wp-json\/wp\/v2\/product_brand?post=11432"},{"taxonomy":"product_cat","embeddable":true,"href":"https:\/\/featjersey.com\/en\/wp-json\/wp\/v2\/product_cat?post=11432"},{"taxonomy":"product_tag","embeddable":true,"href":"https:\/\/featjersey.com\/en\/wp-json\/wp\/v2\/product_tag?post=11432"}],"curies":[{"name":"wp","href":"https:\/\/api.w.org\/{rel}","templated":true}]}}