{"id":11093,"date":"2025-05-25T09:03:11","date_gmt":"2025-05-25T09:03:11","guid":{"rendered":"https:\/\/featjersey.com\/?post_type=product&#038;p=11093"},"modified":"2025-06-03T12:58:46","modified_gmt":"2025-06-03T12:58:46","slug":"barcelona-home-jersey-2025-2026","status":"publish","type":"product","link":"https:\/\/featjersey.com\/en\/product\/barcelona-home-jersey-2025-2026\/","title":{"rendered":"Barcelona Home jersey 2025\/2026"},"content":{"rendered":"<p class=\"ds-markdown-paragraph\">The iconic Blaugrana returns! Barcelona&#8217;s 2025\/2026 Home Jersey honors the club&#8217;s rich heritage, to be worn by stars like Robert Lewandowski, Pedri, Gavi and Lamine Yamal in La Liga and Champions League battles.<\/p>\n<p class=\"ds-markdown-paragraph\">Featuring the legendary red-and-blue stripes with contemporary details, this jersey embodies Bar\u00e7a&#8217;s &#8220;M\u00e9s que un club&#8221; philosophy. From El Cl\u00e1sico showdowns to European nights at Camp Nou, it&#8217;s not just a kit &#8211; it&#8217;s the heartbeat of Cul\u00e9s worldwide.<\/p>\n","protected":false},"excerpt":{"rendered":"<p>The iconic Blaugrana returns! Barcelona&#8217;s 2025\/2026 Home Jersey honors the club&#8217;s rich heritage, to be worn by stars like Robert [&hellip;]<\/p>\n","protected":false},"featured_media":11094,"comment_status":"open","ping_status":"closed","template":"","meta":{"site-sidebar-layout":"default","site-content-layout":"","ast-site-content-layout":"","site-content-style":"default","site-sidebar-style":"default","ast-global-header-display":"","ast-banner-title-visibility":"","ast-main-header-display":"","ast-hfb-above-header-display":"","ast-hfb-below-header-display":"","ast-hfb-mobile-header-display":"","site-post-title":"","ast-breadcrumbs-content":"","ast-featured-img":"","footer-sml-layout":"","theme-transparent-header-meta":"","adv-header-id-meta":"","stick-header-meta":"","header-above-stick-meta":"","header-main-stick-meta":"","header-below-stick-meta":"","astra-migrate-meta-layouts":"default","ast-page-background-enabled":"default","ast-page-background-meta":{"desktop":{"background-color":"var(--ast-global-color-5)","background-image":"","background-repeat":"repeat","background-position":"center center","background-size":"auto","background-attachment":"scroll","background-type":"","background-media":"","overlay-type":"","overlay-color":"","overlay-opacity":"","overlay-gradient":""},"tablet":{"background-color":"","background-image":"","background-repeat":"repeat","background-position":"center center","background-size":"auto","background-attachment":"scroll","background-type":"","background-media":"","overlay-type":"","overlay-color":"","overlay-opacity":"","overlay-gradient":""},"mobile":{"background-color":"","background-image":"","background-repeat":"repeat","background-position":"center center","background-size":"auto","background-attachment":"scroll","background-type":"","background-media":"","overlay-type":"","overlay-color":"","overlay-opacity":"","overlay-gradient":""}},"ast-content-background-meta":{"desktop":{"background-color":"var(--ast-global-color-4)","background-image":"","background-repeat":"repeat","background-position":"center center","background-size":"auto","background-attachment":"scroll","background-type":"","background-media":"","overlay-type":"","overlay-color":"","overlay-opacity":"","overlay-gradient":""},"tablet":{"background-color":"var(--ast-global-color-4)","background-image":"","background-repeat":"repeat","background-position":"center center","background-size":"auto","background-attachment":"scroll","background-type":"","background-media":"","overlay-type":"","overlay-color":"","overlay-opacity":"","overlay-gradient":""},"mobile":{"background-color":"var(--ast-global-color-4)","background-image":"","background-repeat":"repeat","background-position":"center center","background-size":"auto","background-attachment":"scroll","background-type":"","background-media":"","overlay-type":"","overlay-color":"","overlay-opacity":"","overlay-gradient":""}}},"product_brand":[],"product_cat":[279,256,79],"product_tag":[],"class_list":{"0":"post-11093","1":"product","2":"type-product","3":"status-publish","4":"has-post-thumbnail","6":"product_cat-2025-2026-season","7":"product_cat-barcelona","8":"product_cat-la-liga","9":"desktop-align-left","10":"tablet-align-left","11":"mobile-align-left","13":"first","14":"instock","15":"sale","16":"taxable","17":"shipping-taxable","18":"purchasable","19":"product-type-simple"},"_links":{"self":[{"href":"https:\/\/featjersey.com\/en\/wp-json\/wp\/v2\/product\/11093","targetHints":{"allow":["GET"]}}],"collection":[{"href":"https:\/\/featjersey.com\/en\/wp-json\/wp\/v2\/product"}],"about":[{"href":"https:\/\/featjersey.com\/en\/wp-json\/wp\/v2\/types\/product"}],"replies":[{"embeddable":true,"href":"https:\/\/featjersey.com\/en\/wp-json\/wp\/v2\/comments?post=11093"}],"wp:featuredmedia":[{"embeddable":true,"href":"https:\/\/featjersey.com\/en\/wp-json\/wp\/v2\/media\/11094"}],"wp:attachment":[{"href":"https:\/\/featjersey.com\/en\/wp-json\/wp\/v2\/media?parent=11093"}],"wp:term":[{"taxonomy":"product_brand","embeddable":true,"href":"https:\/\/featjersey.com\/en\/wp-json\/wp\/v2\/product_brand?post=11093"},{"taxonomy":"product_cat","embeddable":true,"href":"https:\/\/featjersey.com\/en\/wp-json\/wp\/v2\/product_cat?post=11093"},{"taxonomy":"product_tag","embeddable":true,"href":"https:\/\/featjersey.com\/en\/wp-json\/wp\/v2\/product_tag?post=11093"}],"curies":[{"name":"wp","href":"https:\/\/api.w.org\/{rel}","templated":true}]}}