{"id":10886,"date":"2025-05-04T23:46:06","date_gmt":"2025-05-04T23:46:06","guid":{"rendered":"https:\/\/featjersey.com\/?post_type=product&#038;p=10886"},"modified":"2026-04-24T08:51:41","modified_gmt":"2026-04-24T08:51:41","slug":"palmeiras-away-2025-2026-jersey","status":"publish","type":"product","link":"https:\/\/featjersey.com\/en\/product\/palmeiras-away-2025-2026-jersey\/","title":{"rendered":"Palmeiras Away 2025\/2026 Jersey"},"content":{"rendered":"<p class=\"ds-markdown-paragraph\">Celebrate the rich history of Palmeiras with the 2025\/2026 Away Jersey. Worn by Estev\u00e3o, Dudu, and the rest of the Palmeiras squad as they compete for more silverware in the Brasileir\u00e3o S\u00e9rie A and Copa do Brasil, this jersey honors over a century of Palestra tradition .<br \/>\nadvanced fabric technology draws sweat away from the skin, keeping you cool, dry, and comfortable whether in the stands or on the pitch.<br \/>\nWhether you\u2018re standing at Allianz Parque, watching from home, or wearing it on the streets of S\u00e3o Paulo, the 2025\/2026 Away Jersey lets you carry the Italian-Brazilian heritage \u2013 and the world champion pride \u2013 of Palmeiras wherever you go.<br \/>\nCustomize your jersey with your favorite player&#8217;s name &amp; number.<\/p>\n","protected":false},"excerpt":{"rendered":"<p>Celebrate the rich history of Palmeiras with the 2025\/2026 Away Jersey. Worn by Estev\u00e3o, Dudu, and the rest of the<\/p>\n","protected":false},"featured_media":10884,"comment_status":"open","ping_status":"closed","template":"","meta":[],"product_brand":[],"product_cat":[279,184,132],"product_tag":[],"class_list":{"0":"post-10886","1":"product","2":"type-product","3":"status-publish","4":"has-post-thumbnail","6":"product_cat-2025-2026-season","7":"product_cat-palmeiras","8":"product_cat-popular-clubs","10":"first","11":"instock","12":"sale","13":"taxable","14":"shipping-taxable","15":"purchasable","16":"product-type-simple"},"yoast_head":"<!-- This site is optimized with the Yoast SEO Premium plugin v27.3 (Yoast SEO v27.4) - https:\/\/yoast.com\/product\/yoast-seo-premium-wordpress\/ -->\n<title>Palmeiras Away 2025\/2026 Jersey - Artisan Football Store<\/title>\n<meta name=\"description\" content=\"Palmeiras 2025\/2026 away jersey. White with green\/red stripes, Italian flag collar &amp; 1951 World Cup tribute. dryCELL. Shop now.\" \/>\n<meta name=\"robots\" content=\"index, follow, max-snippet:-1, max-image-preview:large, max-video-preview:-1\" \/>\n<link rel=\"canonical\" href=\"https:\/\/featjersey.com\/en\/product\/palmeiras-away-2025-2026-jersey\/\" \/>\n<meta property=\"og:locale\" content=\"en_US\" \/>\n<meta property=\"og:type\" content=\"article\" \/>\n<meta property=\"og:title\" content=\"Palmeiras Away 2025\/2026 Jersey\" \/>\n<meta property=\"og:description\" content=\"Palmeiras 2025\/2026 away jersey. White with green\/red stripes, Italian flag collar &amp; 1951 World Cup tribute. dryCELL. Shop now.\" \/>\n<meta property=\"og:url\" content=\"https:\/\/featjersey.com\/en\/product\/palmeiras-away-2025-2026-jersey\/\" \/>\n<meta property=\"og:site_name\" content=\"Artisan Football Store\" \/>\n<meta property=\"article:modified_time\" content=\"2026-04-24T08:51:41+00:00\" \/>\n<meta property=\"og:image\" content=\"https:\/\/featjersey.com\/wp-content\/uploads\/2025\/05\/2526\u5e15\u5c14\u6885\u62c9\u65af\u5ba2\u573a.jpg\" \/>\n\t<meta property=\"og:image:width\" content=\"1079\" \/>\n\t<meta property=\"og:image:height\" content=\"1338\" \/>\n\t<meta property=\"og:image:type\" content=\"image\/jpeg\" \/>\n<meta name=\"twitter:card\" content=\"summary_large_image\" \/>\n<meta name=\"twitter:label1\" content=\"Est. reading time\" \/>\n\t<meta name=\"twitter:data1\" content=\"1 minute\" \/>\n<script type=\"application\/ld+json\" class=\"yoast-schema-graph\">{\"@context\":\"https:\\\/\\\/schema.org\",\"@graph\":[{\"@type\":\"WebPage\",\"@id\":\"https:\\\/\\\/featjersey.com\\\/product\\\/palmeiras-away-2025-2026-jersey\\\/\",\"url\":\"https:\\\/\\\/featjersey.com\\\/product\\\/palmeiras-away-2025-2026-jersey\\\/\",\"name\":\"Palmeiras Away 2025\\\/2026 Jersey - Artisan Football Store\",\"isPartOf\":{\"@id\":\"https:\\\/\\\/featjersey.com\\\/pt\\\/#website\"},\"primaryImageOfPage\":{\"@id\":\"https:\\\/\\\/featjersey.com\\\/product\\\/palmeiras-away-2025-2026-jersey\\\/#primaryimage\"},\"image\":{\"@id\":\"https:\\\/\\\/featjersey.com\\\/product\\\/palmeiras-away-2025-2026-jersey\\\/#primaryimage\"},\"thumbnailUrl\":\"https:\\\/\\\/featjersey.com\\\/wp-content\\\/uploads\\\/2025\\\/05\\\/2526\u5e15\u5c14\u6885\u62c9\u65af\u5ba2\u573a.jpg\",\"datePublished\":\"2025-05-04T23:46:06+00:00\",\"dateModified\":\"2026-04-24T08:51:41+00:00\",\"description\":\"Palmeiras 2025\\\/2026 away jersey. White with green\\\/red stripes, Italian flag collar & 1951 World Cup tribute. dryCELL. Shop now.\",\"breadcrumb\":{\"@id\":\"https:\\\/\\\/featjersey.com\\\/product\\\/palmeiras-away-2025-2026-jersey\\\/#breadcrumb\"},\"inLanguage\":\"en-US\",\"potentialAction\":[{\"@type\":\"ReadAction\",\"target\":[\"https:\\\/\\\/featjersey.com\\\/product\\\/palmeiras-away-2025-2026-jersey\\\/\"]}]},{\"@type\":\"ImageObject\",\"inLanguage\":\"en-US\",\"@id\":\"https:\\\/\\\/featjersey.com\\\/product\\\/palmeiras-away-2025-2026-jersey\\\/#primaryimage\",\"url\":\"https:\\\/\\\/featjersey.com\\\/wp-content\\\/uploads\\\/2025\\\/05\\\/2526\u5e15\u5c14\u6885\u62c9\u65af\u5ba2\u573a.jpg\",\"contentUrl\":\"https:\\\/\\\/featjersey.com\\\/wp-content\\\/uploads\\\/2025\\\/05\\\/2526\u5e15\u5c14\u6885\u62c9\u65af\u5ba2\u573a.jpg\",\"width\":1079,\"height\":1338,\"caption\":\"Palmeiras Away 2025\\\/2026 Jersey Front.jpg\"},{\"@type\":\"BreadcrumbList\",\"@id\":\"https:\\\/\\\/featjersey.com\\\/product\\\/palmeiras-away-2025-2026-jersey\\\/#breadcrumb\",\"itemListElement\":[{\"@type\":\"ListItem\",\"position\":1,\"name\":\"Home\",\"item\":\"https:\\\/\\\/featjersey.com\\\/es\\\/\"},{\"@type\":\"ListItem\",\"position\":2,\"name\":\"Shop\",\"item\":\"https:\\\/\\\/featjersey.com\\\/es\\\/\"},{\"@type\":\"ListItem\",\"position\":3,\"name\":\"Palmeiras Away 2025\\\/2026 Jersey\"}]},{\"@type\":\"WebSite\",\"@id\":\"https:\\\/\\\/featjersey.com\\\/pt\\\/#website\",\"url\":\"https:\\\/\\\/featjersey.com\\\/pt\\\/\",\"name\":\"Artisan Football Store\",\"description\":\"Best Quality Football Jersey &amp; More\",\"potentialAction\":[{\"@type\":\"SearchAction\",\"target\":{\"@type\":\"EntryPoint\",\"urlTemplate\":\"https:\\\/\\\/featjersey.com\\\/pt\\\/?s={search_term_string}\"},\"query-input\":{\"@type\":\"PropertyValueSpecification\",\"valueRequired\":true,\"valueName\":\"search_term_string\"}}],\"inLanguage\":\"en-US\"}]}<\/script>\n<!-- \/ Yoast SEO Premium plugin. -->","yoast_head_json":{"title":"Palmeiras Away 2025\/2026 Jersey - Artisan Football Store","description":"Palmeiras 2025\/2026 away jersey. White with green\/red stripes, Italian flag collar & 1951 World Cup tribute. dryCELL. Shop now.","robots":{"index":"index","follow":"follow","max-snippet":"max-snippet:-1","max-image-preview":"max-image-preview:large","max-video-preview":"max-video-preview:-1"},"canonical":"https:\/\/featjersey.com\/en\/product\/palmeiras-away-2025-2026-jersey\/","og_locale":"en_US","og_type":"article","og_title":"Palmeiras Away 2025\/2026 Jersey","og_description":"Palmeiras 2025\/2026 away jersey. White with green\/red stripes, Italian flag collar & 1951 World Cup tribute. dryCELL. Shop now.","og_url":"https:\/\/featjersey.com\/en\/product\/palmeiras-away-2025-2026-jersey\/","og_site_name":"Artisan Football Store","article_modified_time":"2026-04-24T08:51:41+00:00","og_image":[{"width":1079,"height":1338,"url":"https:\/\/featjersey.com\/wp-content\/uploads\/2025\/05\/2526\u5e15\u5c14\u6885\u62c9\u65af\u5ba2\u573a.jpg","type":"image\/jpeg"}],"twitter_card":"summary_large_image","twitter_misc":{"Est. reading time":"1 minute"},"schema":{"@context":"https:\/\/schema.org","@graph":[{"@type":"WebPage","@id":"https:\/\/featjersey.com\/product\/palmeiras-away-2025-2026-jersey\/","url":"https:\/\/featjersey.com\/product\/palmeiras-away-2025-2026-jersey\/","name":"Palmeiras Away 2025\/2026 Jersey - Artisan Football Store","isPartOf":{"@id":"https:\/\/featjersey.com\/pt\/#website"},"primaryImageOfPage":{"@id":"https:\/\/featjersey.com\/product\/palmeiras-away-2025-2026-jersey\/#primaryimage"},"image":{"@id":"https:\/\/featjersey.com\/product\/palmeiras-away-2025-2026-jersey\/#primaryimage"},"thumbnailUrl":"https:\/\/featjersey.com\/wp-content\/uploads\/2025\/05\/2526\u5e15\u5c14\u6885\u62c9\u65af\u5ba2\u573a.jpg","datePublished":"2025-05-04T23:46:06+00:00","dateModified":"2026-04-24T08:51:41+00:00","description":"Palmeiras 2025\/2026 away jersey. White with green\/red stripes, Italian flag collar & 1951 World Cup tribute. dryCELL. Shop now.","breadcrumb":{"@id":"https:\/\/featjersey.com\/product\/palmeiras-away-2025-2026-jersey\/#breadcrumb"},"inLanguage":"en-US","potentialAction":[{"@type":"ReadAction","target":["https:\/\/featjersey.com\/product\/palmeiras-away-2025-2026-jersey\/"]}]},{"@type":"ImageObject","inLanguage":"en-US","@id":"https:\/\/featjersey.com\/product\/palmeiras-away-2025-2026-jersey\/#primaryimage","url":"https:\/\/featjersey.com\/wp-content\/uploads\/2025\/05\/2526\u5e15\u5c14\u6885\u62c9\u65af\u5ba2\u573a.jpg","contentUrl":"https:\/\/featjersey.com\/wp-content\/uploads\/2025\/05\/2526\u5e15\u5c14\u6885\u62c9\u65af\u5ba2\u573a.jpg","width":1079,"height":1338,"caption":"Palmeiras Away 2025\/2026 Jersey Front.jpg"},{"@type":"BreadcrumbList","@id":"https:\/\/featjersey.com\/product\/palmeiras-away-2025-2026-jersey\/#breadcrumb","itemListElement":[{"@type":"ListItem","position":1,"name":"Home","item":"https:\/\/featjersey.com\/es\/"},{"@type":"ListItem","position":2,"name":"Shop","item":"https:\/\/featjersey.com\/es\/"},{"@type":"ListItem","position":3,"name":"Palmeiras Away 2025\/2026 Jersey"}]},{"@type":"WebSite","@id":"https:\/\/featjersey.com\/pt\/#website","url":"https:\/\/featjersey.com\/pt\/","name":"Artisan Football Store","description":"Best Quality Football Jersey &amp; More","potentialAction":[{"@type":"SearchAction","target":{"@type":"EntryPoint","urlTemplate":"https:\/\/featjersey.com\/pt\/?s={search_term_string}"},"query-input":{"@type":"PropertyValueSpecification","valueRequired":true,"valueName":"search_term_string"}}],"inLanguage":"en-US"}]}},"_links":{"self":[{"href":"https:\/\/featjersey.com\/en\/wp-json\/wp\/v2\/product\/10886","targetHints":{"allow":["GET"]}}],"collection":[{"href":"https:\/\/featjersey.com\/en\/wp-json\/wp\/v2\/product"}],"about":[{"href":"https:\/\/featjersey.com\/en\/wp-json\/wp\/v2\/types\/product"}],"replies":[{"embeddable":true,"href":"https:\/\/featjersey.com\/en\/wp-json\/wp\/v2\/comments?post=10886"}],"wp:featuredmedia":[{"embeddable":true,"href":"https:\/\/featjersey.com\/en\/wp-json\/wp\/v2\/media\/10884"}],"wp:attachment":[{"href":"https:\/\/featjersey.com\/en\/wp-json\/wp\/v2\/media?parent=10886"}],"wp:term":[{"taxonomy":"product_brand","embeddable":true,"href":"https:\/\/featjersey.com\/en\/wp-json\/wp\/v2\/product_brand?post=10886"},{"taxonomy":"product_cat","embeddable":true,"href":"https:\/\/featjersey.com\/en\/wp-json\/wp\/v2\/product_cat?post=10886"},{"taxonomy":"product_tag","embeddable":true,"href":"https:\/\/featjersey.com\/en\/wp-json\/wp\/v2\/product_tag?post=10886"}],"curies":[{"name":"wp","href":"https:\/\/api.w.org\/{rel}","templated":true}]}}