{"id":10655,"date":"2025-04-28T06:46:06","date_gmt":"2025-04-28T06:46:06","guid":{"rendered":"https:\/\/featjersey.com\/?post_type=product&#038;p=10655"},"modified":"2025-04-28T08:41:16","modified_gmt":"2025-04-28T08:41:16","slug":"paris-saint-germain-four-jersey-2024-2025-long-sleeves","status":"publish","type":"product","link":"https:\/\/featjersey.com\/en\/product\/paris-saint-germain-four-jersey-2024-2025-long-sleeves\/","title":{"rendered":"Paris Saint-Germain Four jersey 2024\/2025 Long Sleeves"},"content":{"rendered":"<p>This is a season for a new generation! When 17-year-old supernova D\u00e9sir\u00e9 Dou\u00e9 made his stunning Champions League debut, and when Ousmane Demb\u00e9l\u00e9 dominated the national derby with his magic footwork, the four-piece kit saw the rise of a new generation in Paris.<\/p>\n","protected":false},"excerpt":{"rendered":"<p>This is a season for a new generation! When 17-year-old supernova D\u00e9sir\u00e9 Dou\u00e9 made his stunning Champions League debut, and<\/p>\n","protected":false},"featured_media":10657,"comment_status":"open","ping_status":"closed","template":"","meta":[],"product_brand":[],"product_cat":[269,179],"product_tag":[],"class_list":{"0":"post-10655","1":"product","2":"type-product","3":"status-publish","4":"has-post-thumbnail","6":"product_cat-ligue-1-2","7":"product_cat-paris","9":"first","10":"instock","11":"sale","12":"taxable","13":"shipping-taxable","14":"purchasable","15":"product-type-simple"},"_links":{"self":[{"href":"https:\/\/featjersey.com\/en\/wp-json\/wp\/v2\/product\/10655","targetHints":{"allow":["GET"]}}],"collection":[{"href":"https:\/\/featjersey.com\/en\/wp-json\/wp\/v2\/product"}],"about":[{"href":"https:\/\/featjersey.com\/en\/wp-json\/wp\/v2\/types\/product"}],"replies":[{"embeddable":true,"href":"https:\/\/featjersey.com\/en\/wp-json\/wp\/v2\/comments?post=10655"}],"wp:featuredmedia":[{"embeddable":true,"href":"https:\/\/featjersey.com\/en\/wp-json\/wp\/v2\/media\/10657"}],"wp:attachment":[{"href":"https:\/\/featjersey.com\/en\/wp-json\/wp\/v2\/media?parent=10655"}],"wp:term":[{"taxonomy":"product_brand","embeddable":true,"href":"https:\/\/featjersey.com\/en\/wp-json\/wp\/v2\/product_brand?post=10655"},{"taxonomy":"product_cat","embeddable":true,"href":"https:\/\/featjersey.com\/en\/wp-json\/wp\/v2\/product_cat?post=10655"},{"taxonomy":"product_tag","embeddable":true,"href":"https:\/\/featjersey.com\/en\/wp-json\/wp\/v2\/product_tag?post=10655"}],"curies":[{"name":"wp","href":"https:\/\/api.w.org\/{rel}","templated":true}]}}