{"id":10645,"date":"2025-04-28T06:09:09","date_gmt":"2025-04-28T06:09:09","guid":{"rendered":"https:\/\/featjersey.com\/?post_type=product&#038;p=10645"},"modified":"2025-04-28T06:14:21","modified_gmt":"2025-04-28T06:14:21","slug":"paris-saint-germain-away-jersey-2024-2025","status":"publish","type":"product","link":"https:\/\/featjersey.com\/en\/product\/paris-saint-germain-away-jersey-2024-2025\/","title":{"rendered":"Paris Saint-Germain Away jersey 2024\/2025"},"content":{"rendered":"<p class=\"ds-markdown-paragraph\">The bold new PSG away jersey redefines expectations with its striking design and fearless attitude. Kylian Mbapp\u00e9, Ousmane Demb\u00e9l\u00e9, and the squad will wear this statement piece as they conquer away grounds in Ligue 1 and the Champions League.<\/p>\n<p class=\"ds-markdown-paragraph\">More than just a kit\u2014it\u2019s a declaration of dominance for PSG fans worldwide. Represent your team in style and stand with Neymar, Marco Verratti, and the stars wherever they play!<\/p>\n","protected":false},"excerpt":{"rendered":"<p>The bold new PSG away jersey redefines expectations with its striking design and fearless attitude. Kylian Mbapp\u00e9, Ousmane Demb\u00e9l\u00e9, and [&hellip;]<\/p>\n","protected":false},"featured_media":9852,"comment_status":"open","ping_status":"closed","template":"","meta":{"site-sidebar-layout":"default","site-content-layout":"","ast-site-content-layout":"","site-content-style":"default","site-sidebar-style":"default","ast-global-header-display":"","ast-banner-title-visibility":"","ast-main-header-display":"","ast-hfb-above-header-display":"","ast-hfb-below-header-display":"","ast-hfb-mobile-header-display":"","site-post-title":"","ast-breadcrumbs-content":"","ast-featured-img":"","footer-sml-layout":"","theme-transparent-header-meta":"","adv-header-id-meta":"","stick-header-meta":"","header-above-stick-meta":"","header-main-stick-meta":"","header-below-stick-meta":"","astra-migrate-meta-layouts":"default","ast-page-background-enabled":"default","ast-page-background-meta":{"desktop":{"background-color":"var(--ast-global-color-5)","background-image":"","background-repeat":"repeat","background-position":"center center","background-size":"auto","background-attachment":"scroll","background-type":"","background-media":"","overlay-type":"","overlay-color":"","overlay-opacity":"","overlay-gradient":""},"tablet":{"background-color":"","background-image":"","background-repeat":"repeat","background-position":"center center","background-size":"auto","background-attachment":"scroll","background-type":"","background-media":"","overlay-type":"","overlay-color":"","overlay-opacity":"","overlay-gradient":""},"mobile":{"background-color":"","background-image":"","background-repeat":"repeat","background-position":"center center","background-size":"auto","background-attachment":"scroll","background-type":"","background-media":"","overlay-type":"","overlay-color":"","overlay-opacity":"","overlay-gradient":""}},"ast-content-background-meta":{"desktop":{"background-color":"var(--ast-global-color-4)","background-image":"","background-repeat":"repeat","background-position":"center center","background-size":"auto","background-attachment":"scroll","background-type":"","background-media":"","overlay-type":"","overlay-color":"","overlay-opacity":"","overlay-gradient":""},"tablet":{"background-color":"var(--ast-global-color-4)","background-image":"","background-repeat":"repeat","background-position":"center center","background-size":"auto","background-attachment":"scroll","background-type":"","background-media":"","overlay-type":"","overlay-color":"","overlay-opacity":"","overlay-gradient":""},"mobile":{"background-color":"var(--ast-global-color-4)","background-image":"","background-repeat":"repeat","background-position":"center center","background-size":"auto","background-attachment":"scroll","background-type":"","background-media":"","overlay-type":"","overlay-color":"","overlay-opacity":"","overlay-gradient":""}}},"product_brand":[],"product_cat":[269,179],"product_tag":[],"class_list":{"0":"post-10645","1":"product","2":"type-product","3":"status-publish","4":"has-post-thumbnail","6":"product_cat-ligue-1-2","7":"product_cat-paris","8":"desktop-align-left","9":"tablet-align-left","10":"mobile-align-left","12":"first","13":"instock","14":"sale","15":"taxable","16":"shipping-taxable","17":"purchasable","18":"product-type-simple"},"_links":{"self":[{"href":"https:\/\/featjersey.com\/en\/wp-json\/wp\/v2\/product\/10645","targetHints":{"allow":["GET"]}}],"collection":[{"href":"https:\/\/featjersey.com\/en\/wp-json\/wp\/v2\/product"}],"about":[{"href":"https:\/\/featjersey.com\/en\/wp-json\/wp\/v2\/types\/product"}],"replies":[{"embeddable":true,"href":"https:\/\/featjersey.com\/en\/wp-json\/wp\/v2\/comments?post=10645"}],"wp:featuredmedia":[{"embeddable":true,"href":"https:\/\/featjersey.com\/en\/wp-json\/wp\/v2\/media\/9852"}],"wp:attachment":[{"href":"https:\/\/featjersey.com\/en\/wp-json\/wp\/v2\/media?parent=10645"}],"wp:term":[{"taxonomy":"product_brand","embeddable":true,"href":"https:\/\/featjersey.com\/en\/wp-json\/wp\/v2\/product_brand?post=10645"},{"taxonomy":"product_cat","embeddable":true,"href":"https:\/\/featjersey.com\/en\/wp-json\/wp\/v2\/product_cat?post=10645"},{"taxonomy":"product_tag","embeddable":true,"href":"https:\/\/featjersey.com\/en\/wp-json\/wp\/v2\/product_tag?post=10645"}],"curies":[{"name":"wp","href":"https:\/\/api.w.org\/{rel}","templated":true}]}}