{"id":11027,"date":"2025-05-11T10:08:43","date_gmt":"2025-05-11T10:08:43","guid":{"rendered":"https:\/\/featjersey.com\/?post_type=product&#038;p=11027"},"modified":"2025-06-03T12:58:47","modified_gmt":"2025-06-03T12:58:47","slug":"paris-saint-germain-fourth-stadium-shirt-2024-2025","status":"publish","type":"product","link":"https:\/\/featjersey.com\/de\/product\/paris-saint-germain-fourth-stadium-shirt-2024-2025\/","title":{"rendered":"Paris Saint-Germain Fourth Stadium Shirt -2024\/2025"},"content":{"rendered":"<p>This is a season for a new generation! When 17-year-old supernova D\u00e9sir\u00e9 Dou\u00e9 made his stunning Champions League debut, and when Ousmane Demb\u00e9l\u00e9 dominated the national derby with his magic footwork, the four-piece kit saw the rise of a new generation in Paris.<\/p>","protected":false},"excerpt":{"rendered":"<p>This is a season for a new generation! When 17-year-old supernova D\u00e9sir\u00e9 Dou\u00e9 made his stunning Champions League debut, and<\/p>","protected":false},"featured_media":11029,"comment_status":"open","ping_status":"closed","template":"","meta":[],"product_brand":[],"product_cat":[269,179],"product_tag":[],"class_list":{"0":"post-11027","1":"product","2":"type-product","3":"status-publish","4":"has-post-thumbnail","6":"product_cat-ligue-1-2","7":"product_cat-paris","9":"first","10":"instock","11":"sale","12":"taxable","13":"shipping-taxable","14":"purchasable","15":"product-type-simple"},"_links":{"self":[{"href":"https:\/\/featjersey.com\/de\/wp-json\/wp\/v2\/product\/11027","targetHints":{"allow":["GET"]}}],"collection":[{"href":"https:\/\/featjersey.com\/de\/wp-json\/wp\/v2\/product"}],"about":[{"href":"https:\/\/featjersey.com\/de\/wp-json\/wp\/v2\/types\/product"}],"replies":[{"embeddable":true,"href":"https:\/\/featjersey.com\/de\/wp-json\/wp\/v2\/comments?post=11027"}],"wp:featuredmedia":[{"embeddable":true,"href":"https:\/\/featjersey.com\/de\/wp-json\/wp\/v2\/media\/11029"}],"wp:attachment":[{"href":"https:\/\/featjersey.com\/de\/wp-json\/wp\/v2\/media?parent=11027"}],"wp:term":[{"taxonomy":"product_brand","embeddable":true,"href":"https:\/\/featjersey.com\/de\/wp-json\/wp\/v2\/product_brand?post=11027"},{"taxonomy":"product_cat","embeddable":true,"href":"https:\/\/featjersey.com\/de\/wp-json\/wp\/v2\/product_cat?post=11027"},{"taxonomy":"product_tag","embeddable":true,"href":"https:\/\/featjersey.com\/de\/wp-json\/wp\/v2\/product_tag?post=11027"}],"curies":[{"name":"wp","href":"https:\/\/api.w.org\/{rel}","templated":true}]}}