{"id":10875,"date":"2025-05-04T23:24:22","date_gmt":"2025-05-04T23:24:22","guid":{"rendered":"https:\/\/featjersey.com\/?post_type=product&#038;p=10875"},"modified":"2026-04-24T09:00:03","modified_gmt":"2026-04-24T09:00:03","slug":"palmeiras-2025-2026-home-jersey","status":"publish","type":"product","link":"https:\/\/featjersey.com\/de\/product\/palmeiras-2025-2026-home-jersey\/","title":{"rendered":"Palmeiras 2025\/2026 Home Jersey"},"content":{"rendered":"<p class=\"ds-markdown-paragraph\">Stand with the Greatest Champion of Brazil as they pursue more silverware with the\u00a0 Palmeiras 2025\/2026 Home Jersey. Worn by Estev\u00e3o, Raphael Veiga, Gustavo G\u00f3mez, and the rest of the Verd\u00e3o squad in the Brasileir\u00e3o S\u00e9rie A, Copa do Brasil, and the 2025 FIFA Club World Cup, this jersey celebrates over a century of Palestra glory.<br \/>\nadvanced fabric technology draws sweat away from the skin, keeping you cool, dry, and comfortable whether in the stands or on the pitch,Work with dryCELL to offer superior temperature regulation during intense matches,Choose the fit that works best for you.<br \/>\nWhether you\u2019re standing at Allianz Parque, watching from home, or wearing it on the streets of S\u00e3o Paulo, the 2025\/2026 Home Jersey lets you carry the champion spirit of Palmeiras \u2013 and the pride of the Palestra \u2013 wherever you go.<br \/>\nCustomize your jersey with your favorite player&#8217;s name &amp; number.<\/p>","protected":false},"excerpt":{"rendered":"<p>Stand with the Greatest Champion of Brazil as they pursue more silverware with the\u00a0 Palmeiras 2025\/2026 Home Jersey. Worn by<\/p>","protected":false},"featured_media":10883,"comment_status":"open","ping_status":"closed","template":"","meta":[],"product_brand":[],"product_cat":[279,184,132],"product_tag":[],"class_list":{"0":"post-10875","1":"product","2":"type-product","3":"status-publish","4":"has-post-thumbnail","6":"product_cat-2025-2026-season","7":"product_cat-palmeiras","8":"product_cat-popular-clubs","10":"first","11":"instock","12":"sale","13":"taxable","14":"shipping-taxable","15":"purchasable","16":"product-type-simple"},"yoast_head":"<!-- This site is optimized with the Yoast SEO Premium plugin v27.3 (Yoast SEO v27.4) - https:\/\/yoast.com\/product\/yoast-seo-premium-wordpress\/ -->\n<title>Palmeiras 2025\/2026 Home Jersey - Artisan Football Store<\/title>\n<meta name=\"description\" content=\"Palmeiras 2025\/2026 home jersey. Deep green with embossed pattern &amp; red champion star. dryCELL keeps you dry. 100% recycled. Shop now.\" \/>\n<meta name=\"robots\" content=\"index, follow, max-snippet:-1, max-image-preview:large, max-video-preview:-1\" \/>\n<link rel=\"canonical\" href=\"https:\/\/featjersey.com\/de\/product\/palmeiras-2025-2026-home-jersey\/\" \/>\n<meta property=\"og:locale\" content=\"de_DE\" \/>\n<meta property=\"og:type\" content=\"article\" \/>\n<meta property=\"og:title\" content=\"Palmeiras 2025\/2026 Home Jersey\" \/>\n<meta property=\"og:description\" content=\"Palmeiras 2025\/2026 home jersey. Deep green with embossed pattern &amp; red champion star. dryCELL keeps you dry. 100% recycled. Shop now.\" \/>\n<meta property=\"og:url\" content=\"https:\/\/featjersey.com\/de\/product\/palmeiras-2025-2026-home-jersey\/\" \/>\n<meta property=\"og:site_name\" content=\"Artisan Football Store\" \/>\n<meta property=\"article:modified_time\" content=\"2026-04-24T09:00:03+00:00\" \/>\n<meta property=\"og:image\" content=\"https:\/\/featjersey.com\/wp-content\/uploads\/2025\/05\/2526\u5e15\u5c14\u6885\u62c9\u65af\u4e3b\u573a.jpg\" \/>\n\t<meta property=\"og:image:width\" content=\"1080\" \/>\n\t<meta property=\"og:image:height\" content=\"1351\" \/>\n\t<meta property=\"og:image:type\" content=\"image\/jpeg\" \/>\n<meta name=\"twitter:card\" content=\"summary_large_image\" \/>\n<meta name=\"twitter:label1\" content=\"Gesch\u00e4tzte Lesezeit\" \/>\n\t<meta name=\"twitter:data1\" content=\"1\u00a0Minute\" \/>\n<script type=\"application\/ld+json\" class=\"yoast-schema-graph\">{\"@context\":\"https:\\\/\\\/schema.org\",\"@graph\":[{\"@type\":\"WebPage\",\"@id\":\"https:\\\/\\\/featjersey.com\\\/product\\\/palmeiras-2025-2026-home-jersey\\\/\",\"url\":\"https:\\\/\\\/featjersey.com\\\/product\\\/palmeiras-2025-2026-home-jersey\\\/\",\"name\":\"Palmeiras 2025\\\/2026 Home Jersey - Artisan Football Store\",\"isPartOf\":{\"@id\":\"https:\\\/\\\/featjersey.com\\\/pt\\\/#website\"},\"primaryImageOfPage\":{\"@id\":\"https:\\\/\\\/featjersey.com\\\/product\\\/palmeiras-2025-2026-home-jersey\\\/#primaryimage\"},\"image\":{\"@id\":\"https:\\\/\\\/featjersey.com\\\/product\\\/palmeiras-2025-2026-home-jersey\\\/#primaryimage\"},\"thumbnailUrl\":\"https:\\\/\\\/featjersey.com\\\/wp-content\\\/uploads\\\/2025\\\/05\\\/2526\u5e15\u5c14\u6885\u62c9\u65af\u4e3b\u573a.jpg\",\"datePublished\":\"2025-05-04T23:24:22+00:00\",\"dateModified\":\"2026-04-24T09:00:03+00:00\",\"description\":\"Palmeiras 2025\\\/2026 home jersey. Deep green with embossed pattern & red champion star. dryCELL keeps you dry. 100% recycled. Shop now.\",\"breadcrumb\":{\"@id\":\"https:\\\/\\\/featjersey.com\\\/product\\\/palmeiras-2025-2026-home-jersey\\\/#breadcrumb\"},\"inLanguage\":\"de\",\"potentialAction\":[{\"@type\":\"ReadAction\",\"target\":[\"https:\\\/\\\/featjersey.com\\\/product\\\/palmeiras-2025-2026-home-jersey\\\/\"]}]},{\"@type\":\"ImageObject\",\"inLanguage\":\"de\",\"@id\":\"https:\\\/\\\/featjersey.com\\\/product\\\/palmeiras-2025-2026-home-jersey\\\/#primaryimage\",\"url\":\"https:\\\/\\\/featjersey.com\\\/wp-content\\\/uploads\\\/2025\\\/05\\\/2526\u5e15\u5c14\u6885\u62c9\u65af\u4e3b\u573a.jpg\",\"contentUrl\":\"https:\\\/\\\/featjersey.com\\\/wp-content\\\/uploads\\\/2025\\\/05\\\/2526\u5e15\u5c14\u6885\u62c9\u65af\u4e3b\u573a.jpg\",\"width\":1080,\"height\":1351,\"caption\":\"Palmeiras 2025\\\/2026 Home Jersey Front.jpg\"},{\"@type\":\"BreadcrumbList\",\"@id\":\"https:\\\/\\\/featjersey.com\\\/product\\\/palmeiras-2025-2026-home-jersey\\\/#breadcrumb\",\"itemListElement\":[{\"@type\":\"ListItem\",\"position\":1,\"name\":\"Home\",\"item\":\"https:\\\/\\\/featjersey.com\\\/es\\\/\"},{\"@type\":\"ListItem\",\"position\":2,\"name\":\"Shop\",\"item\":\"https:\\\/\\\/featjersey.com\\\/es\\\/\"},{\"@type\":\"ListItem\",\"position\":3,\"name\":\"Palmeiras 2025\\\/2026 Home Jersey\"}]},{\"@type\":\"WebSite\",\"@id\":\"https:\\\/\\\/featjersey.com\\\/pt\\\/#website\",\"url\":\"https:\\\/\\\/featjersey.com\\\/pt\\\/\",\"name\":\"Artisan Football Store\",\"description\":\"Best Quality Football Jersey &amp; More\",\"potentialAction\":[{\"@type\":\"SearchAction\",\"target\":{\"@type\":\"EntryPoint\",\"urlTemplate\":\"https:\\\/\\\/featjersey.com\\\/pt\\\/?s={search_term_string}\"},\"query-input\":{\"@type\":\"PropertyValueSpecification\",\"valueRequired\":true,\"valueName\":\"search_term_string\"}}],\"inLanguage\":\"de\"}]}<\/script>\n<!-- \/ Yoast SEO Premium plugin. -->","yoast_head_json":{"title":"Palmeiras 2025\/2026 Home Jersey - Artisan Football Store","description":"Palmeiras 2025\/2026 home jersey. Deep green with embossed pattern & red champion star. dryCELL keeps you dry. 100% recycled. Shop now.","robots":{"index":"index","follow":"follow","max-snippet":"max-snippet:-1","max-image-preview":"max-image-preview:large","max-video-preview":"max-video-preview:-1"},"canonical":"https:\/\/featjersey.com\/de\/product\/palmeiras-2025-2026-home-jersey\/","og_locale":"de_DE","og_type":"article","og_title":"Palmeiras 2025\/2026 Home Jersey","og_description":"Palmeiras 2025\/2026 home jersey. Deep green with embossed pattern & red champion star. dryCELL keeps you dry. 100% recycled. Shop now.","og_url":"https:\/\/featjersey.com\/de\/product\/palmeiras-2025-2026-home-jersey\/","og_site_name":"Artisan Football Store","article_modified_time":"2026-04-24T09:00:03+00:00","og_image":[{"width":1080,"height":1351,"url":"https:\/\/featjersey.com\/wp-content\/uploads\/2025\/05\/2526\u5e15\u5c14\u6885\u62c9\u65af\u4e3b\u573a.jpg","type":"image\/jpeg"}],"twitter_card":"summary_large_image","twitter_misc":{"Gesch\u00e4tzte Lesezeit":"1\u00a0Minute"},"schema":{"@context":"https:\/\/schema.org","@graph":[{"@type":"WebPage","@id":"https:\/\/featjersey.com\/product\/palmeiras-2025-2026-home-jersey\/","url":"https:\/\/featjersey.com\/product\/palmeiras-2025-2026-home-jersey\/","name":"Palmeiras 2025\/2026 Home Jersey - Artisan Football Store","isPartOf":{"@id":"https:\/\/featjersey.com\/pt\/#website"},"primaryImageOfPage":{"@id":"https:\/\/featjersey.com\/product\/palmeiras-2025-2026-home-jersey\/#primaryimage"},"image":{"@id":"https:\/\/featjersey.com\/product\/palmeiras-2025-2026-home-jersey\/#primaryimage"},"thumbnailUrl":"https:\/\/featjersey.com\/wp-content\/uploads\/2025\/05\/2526\u5e15\u5c14\u6885\u62c9\u65af\u4e3b\u573a.jpg","datePublished":"2025-05-04T23:24:22+00:00","dateModified":"2026-04-24T09:00:03+00:00","description":"Palmeiras 2025\/2026 home jersey. Deep green with embossed pattern & red champion star. dryCELL keeps you dry. 100% recycled. Shop now.","breadcrumb":{"@id":"https:\/\/featjersey.com\/product\/palmeiras-2025-2026-home-jersey\/#breadcrumb"},"inLanguage":"de","potentialAction":[{"@type":"ReadAction","target":["https:\/\/featjersey.com\/product\/palmeiras-2025-2026-home-jersey\/"]}]},{"@type":"ImageObject","inLanguage":"de","@id":"https:\/\/featjersey.com\/product\/palmeiras-2025-2026-home-jersey\/#primaryimage","url":"https:\/\/featjersey.com\/wp-content\/uploads\/2025\/05\/2526\u5e15\u5c14\u6885\u62c9\u65af\u4e3b\u573a.jpg","contentUrl":"https:\/\/featjersey.com\/wp-content\/uploads\/2025\/05\/2526\u5e15\u5c14\u6885\u62c9\u65af\u4e3b\u573a.jpg","width":1080,"height":1351,"caption":"Palmeiras 2025\/2026 Home Jersey Front.jpg"},{"@type":"BreadcrumbList","@id":"https:\/\/featjersey.com\/product\/palmeiras-2025-2026-home-jersey\/#breadcrumb","itemListElement":[{"@type":"ListItem","position":1,"name":"Home","item":"https:\/\/featjersey.com\/es\/"},{"@type":"ListItem","position":2,"name":"Shop","item":"https:\/\/featjersey.com\/es\/"},{"@type":"ListItem","position":3,"name":"Palmeiras 2025\/2026 Home Jersey"}]},{"@type":"WebSite","@id":"https:\/\/featjersey.com\/pt\/#website","url":"https:\/\/featjersey.com\/pt\/","name":"Artisan Football Store","description":"Best Quality Football Jersey &amp; More","potentialAction":[{"@type":"SearchAction","target":{"@type":"EntryPoint","urlTemplate":"https:\/\/featjersey.com\/pt\/?s={search_term_string}"},"query-input":{"@type":"PropertyValueSpecification","valueRequired":true,"valueName":"search_term_string"}}],"inLanguage":"de"}]}},"_links":{"self":[{"href":"https:\/\/featjersey.com\/de\/wp-json\/wp\/v2\/product\/10875","targetHints":{"allow":["GET"]}}],"collection":[{"href":"https:\/\/featjersey.com\/de\/wp-json\/wp\/v2\/product"}],"about":[{"href":"https:\/\/featjersey.com\/de\/wp-json\/wp\/v2\/types\/product"}],"replies":[{"embeddable":true,"href":"https:\/\/featjersey.com\/de\/wp-json\/wp\/v2\/comments?post=10875"}],"wp:featuredmedia":[{"embeddable":true,"href":"https:\/\/featjersey.com\/de\/wp-json\/wp\/v2\/media\/10883"}],"wp:attachment":[{"href":"https:\/\/featjersey.com\/de\/wp-json\/wp\/v2\/media?parent=10875"}],"wp:term":[{"taxonomy":"product_brand","embeddable":true,"href":"https:\/\/featjersey.com\/de\/wp-json\/wp\/v2\/product_brand?post=10875"},{"taxonomy":"product_cat","embeddable":true,"href":"https:\/\/featjersey.com\/de\/wp-json\/wp\/v2\/product_cat?post=10875"},{"taxonomy":"product_tag","embeddable":true,"href":"https:\/\/featjersey.com\/de\/wp-json\/wp\/v2\/product_tag?post=10875"}],"curies":[{"name":"wp","href":"https:\/\/api.w.org\/{rel}","templated":true}]}}