{"id":10637,"date":"2025-04-28T06:03:18","date_gmt":"2025-04-28T06:03:18","guid":{"rendered":"https:\/\/featjersey.com\/?post_type=product&#038;p=10637"},"modified":"2025-04-28T06:07:45","modified_gmt":"2025-04-28T06:07:45","slug":"paris-saint-germain-home-jersey-2024-2025","status":"publish","type":"product","link":"https:\/\/featjersey.com\/de\/product\/paris-saint-germain-home-jersey-2024-2025\/","title":{"rendered":"Paris Saint-Germain Home jersey 2024\/2025"},"content":{"rendered":"<p class=\"ds-markdown-paragraph\">The new PSG 2024\/2025 home jersey shines with the iconic red and navy stripes, embodying the spirit of the Parc des Princes! Kylian Mbapp\u00e9, Ousmane Demb\u00e9l\u00e9 and star signings will dominate Ligue 1 and UEFA Champions League in this bold design.<\/p>\n<p class=\"ds-markdown-paragraph\">It&#8217;s more than just a jersey, it&#8217;s a symbol of PSG&#8217;s quest for glory! Join Neymar, Marco Verratti and your favorite star as they chase the victory. Put on your pride and cheer for the legacy!<\/p>","protected":false},"excerpt":{"rendered":"<p>The new PSG 2024\/2025 home jersey shines with the iconic red and navy stripes, embodying the spirit of the Parc<\/p>","protected":false},"featured_media":10070,"comment_status":"open","ping_status":"closed","template":"","meta":[],"product_brand":[],"product_cat":[269,179],"product_tag":[],"class_list":{"0":"post-10637","1":"product","2":"type-product","3":"status-publish","4":"has-post-thumbnail","6":"product_cat-ligue-1-2","7":"product_cat-paris","9":"first","10":"instock","11":"sale","12":"taxable","13":"shipping-taxable","14":"purchasable","15":"product-type-simple"},"_links":{"self":[{"href":"https:\/\/featjersey.com\/de\/wp-json\/wp\/v2\/product\/10637","targetHints":{"allow":["GET"]}}],"collection":[{"href":"https:\/\/featjersey.com\/de\/wp-json\/wp\/v2\/product"}],"about":[{"href":"https:\/\/featjersey.com\/de\/wp-json\/wp\/v2\/types\/product"}],"replies":[{"embeddable":true,"href":"https:\/\/featjersey.com\/de\/wp-json\/wp\/v2\/comments?post=10637"}],"wp:featuredmedia":[{"embeddable":true,"href":"https:\/\/featjersey.com\/de\/wp-json\/wp\/v2\/media\/10070"}],"wp:attachment":[{"href":"https:\/\/featjersey.com\/de\/wp-json\/wp\/v2\/media?parent=10637"}],"wp:term":[{"taxonomy":"product_brand","embeddable":true,"href":"https:\/\/featjersey.com\/de\/wp-json\/wp\/v2\/product_brand?post=10637"},{"taxonomy":"product_cat","embeddable":true,"href":"https:\/\/featjersey.com\/de\/wp-json\/wp\/v2\/product_cat?post=10637"},{"taxonomy":"product_tag","embeddable":true,"href":"https:\/\/featjersey.com\/de\/wp-json\/wp\/v2\/product_tag?post=10637"}],"curies":[{"name":"wp","href":"https:\/\/api.w.org\/{rel}","templated":true}]}}